{"id":413,"date":"2021-05-28T15:26:01","date_gmt":"2021-05-28T15:26:01","guid":{"rendered":"https:\/\/www.tomataherrera.com\/product\/caixa-individual\/"},"modified":"2021-05-28T15:26:01","modified_gmt":"2021-05-28T15:26:01","slug":"caixa-individual","status":"publish","type":"product","link":"https:\/\/www.tomataherrera.com\/ca\/producte\/caixa-individual\/","title":{"rendered":"Caixa Individual"},"content":{"rendered":"<p> El tom\u00e0quet de penjar \u00e9s una varietat antiga que no han patit manipulaci\u00f3 gen\u00e8tica. <\/p>\n<p> La m\u00e9s coneguda \u00e9s a la vessant mediterr\u00e0nia d&#8217;Espanya i a Alcal\u00e0 de Xivert tenim una denominaci\u00f3 d&#8217;origen protegida. <\/p>\n<p> Es pot dir &#8220;tom\u00e0quet de penjar,&#8221; tomata de penjar &#8220;o&#8221; tom\u00e0quet de ramallet &#8220;. <\/p>\n","protected":false},"excerpt":{"rendered":"<p>Caixa individual amb 1 kg de Tom\u00e0quet de penjar Herrera. A aix\u00f2 tan bonic i desitjable .. nosaltres en diem <em> POM <\/ em><\/p>\n","protected":false},"featured_media":131,"comment_status":"closed","ping_status":"closed","template":"","meta":[],"product_brand":[],"product_cat":[46],"product_tag":[],"class_list":{"0":"post-413","1":"product","2":"type-product","3":"status-publish","4":"has-post-thumbnail","6":"product_cat-herrera-ca","8":"first","9":"instock","10":"taxable","11":"shipping-taxable","12":"purchasable","13":"product-type-simple"},"yoast_head":"<!-- This site is optimized with the Yoast SEO plugin v26.5 - https:\/\/yoast.com\/wordpress\/plugins\/seo\/ -->\n<title>Caixa Individual - Tomata herrera<\/title>\n<meta name=\"robots\" content=\"index, follow, max-snippet:-1, max-image-preview:large, max-video-preview:-1\" \/>\n<link rel=\"canonical\" href=\"https:\/\/www.tomataherrera.com\/ca\/producte\/caixa-individual\/\" \/>\n<meta property=\"og:locale\" content=\"ca_ES\" \/>\n<meta property=\"og:type\" content=\"article\" \/>\n<meta property=\"og:title\" content=\"Caixa Individual - Tomata herrera\" \/>\n<meta property=\"og:description\" content=\"Caixa individual amb 1 kg de Tom\u00e0quet de penjar Herrera. A aix\u00f2 tan bonic i desitjable .. nosaltres en diem POM\" \/>\n<meta property=\"og:url\" content=\"https:\/\/www.tomataherrera.com\/ca\/producte\/caixa-individual\/\" \/>\n<meta property=\"og:site_name\" content=\"Tomata herrera\" \/>\n<meta property=\"article:publisher\" content=\"https:\/\/www.facebook.com\/tomataherrera\" \/>\n<meta property=\"og:image\" content=\"http:\/\/www.tomataherrera.com\/app\/uploads\/2021\/04\/POM-1024x858.png\" \/>\n\t<meta property=\"og:image:width\" content=\"1024\" \/>\n\t<meta property=\"og:image:height\" content=\"858\" \/>\n\t<meta property=\"og:image:type\" content=\"image\/png\" \/>\n<meta name=\"twitter:card\" content=\"summary_large_image\" \/>\n<script type=\"application\/ld+json\" class=\"yoast-schema-graph\">{\"@context\":\"https:\/\/schema.org\",\"@graph\":[{\"@type\":\"WebPage\",\"@id\":\"https:\/\/www.tomataherrera.com\/ca\/producte\/caixa-individual\/\",\"url\":\"https:\/\/www.tomataherrera.com\/ca\/producte\/caixa-individual\/\",\"name\":\"Caixa Individual - Tomata herrera\",\"isPartOf\":{\"@id\":\"https:\/\/www.tomataherrera.com\/#website\"},\"primaryImageOfPage\":{\"@id\":\"https:\/\/www.tomataherrera.com\/ca\/producte\/caixa-individual\/#primaryimage\"},\"image\":{\"@id\":\"https:\/\/www.tomataherrera.com\/ca\/producte\/caixa-individual\/#primaryimage\"},\"thumbnailUrl\":\"https:\/\/www.tomataherrera.com\/app\/uploads\/2021\/04\/POM.png\",\"datePublished\":\"2021-05-28T15:26:01+00:00\",\"breadcrumb\":{\"@id\":\"https:\/\/www.tomataherrera.com\/ca\/producte\/caixa-individual\/#breadcrumb\"},\"inLanguage\":\"ca\",\"potentialAction\":[{\"@type\":\"ReadAction\",\"target\":[\"https:\/\/www.tomataherrera.com\/ca\/producte\/caixa-individual\/\"]}]},{\"@type\":\"ImageObject\",\"inLanguage\":\"ca\",\"@id\":\"https:\/\/www.tomataherrera.com\/ca\/producte\/caixa-individual\/#primaryimage\",\"url\":\"https:\/\/www.tomataherrera.com\/app\/uploads\/2021\/04\/POM.png\",\"contentUrl\":\"https:\/\/www.tomataherrera.com\/app\/uploads\/2021\/04\/POM.png\",\"width\":2820,\"height\":2364},{\"@type\":\"BreadcrumbList\",\"@id\":\"https:\/\/www.tomataherrera.com\/ca\/producte\/caixa-individual\/#breadcrumb\",\"itemListElement\":[{\"@type\":\"ListItem\",\"position\":1,\"name\":\"Portada\",\"item\":\"https:\/\/www.tomataherrera.com\/ca\/\"},{\"@type\":\"ListItem\",\"position\":2,\"name\":\"Botiga\",\"item\":\"https:\/\/www.tomataherrera.com\/ca\/botiga\/\"},{\"@type\":\"ListItem\",\"position\":3,\"name\":\"Caixa Individual\"}]},{\"@type\":\"WebSite\",\"@id\":\"https:\/\/www.tomataherrera.com\/#website\",\"url\":\"https:\/\/www.tomataherrera.com\/\",\"name\":\"Tomata herrera\",\"description\":\"El tomate de calidad\",\"publisher\":{\"@id\":\"https:\/\/www.tomataherrera.com\/#organization\"},\"potentialAction\":[{\"@type\":\"SearchAction\",\"target\":{\"@type\":\"EntryPoint\",\"urlTemplate\":\"https:\/\/www.tomataherrera.com\/?s={search_term_string}\"},\"query-input\":{\"@type\":\"PropertyValueSpecification\",\"valueRequired\":true,\"valueName\":\"search_term_string\"}}],\"inLanguage\":\"ca\"},{\"@type\":\"Organization\",\"@id\":\"https:\/\/www.tomataherrera.com\/#organization\",\"name\":\"Tomata Herrera\",\"url\":\"https:\/\/www.tomataherrera.com\/\",\"logo\":{\"@type\":\"ImageObject\",\"inLanguage\":\"ca\",\"@id\":\"https:\/\/www.tomataherrera.com\/#\/schema\/logo\/image\/\",\"url\":\"https:\/\/www.tomataherrera.com\/app\/uploads\/2021\/04\/herrera-fondo.png\",\"contentUrl\":\"https:\/\/www.tomataherrera.com\/app\/uploads\/2021\/04\/herrera-fondo.png\",\"width\":496,\"height\":129,\"caption\":\"Tomata Herrera\"},\"image\":{\"@id\":\"https:\/\/www.tomataherrera.com\/#\/schema\/logo\/image\/\"},\"sameAs\":[\"https:\/\/www.facebook.com\/tomataherrera\",\"https:\/\/www.instagram.com\/tomataherrera\/\"]}]}<\/script>\n<!-- \/ Yoast SEO plugin. -->","yoast_head_json":{"title":"Caixa Individual - Tomata herrera","robots":{"index":"index","follow":"follow","max-snippet":"max-snippet:-1","max-image-preview":"max-image-preview:large","max-video-preview":"max-video-preview:-1"},"canonical":"https:\/\/www.tomataherrera.com\/ca\/producte\/caixa-individual\/","og_locale":"ca_ES","og_type":"article","og_title":"Caixa Individual - Tomata herrera","og_description":"Caixa individual amb 1 kg de Tom\u00e0quet de penjar Herrera. A aix\u00f2 tan bonic i desitjable .. nosaltres en diem POM","og_url":"https:\/\/www.tomataherrera.com\/ca\/producte\/caixa-individual\/","og_site_name":"Tomata herrera","article_publisher":"https:\/\/www.facebook.com\/tomataherrera","og_image":[{"width":1024,"height":858,"url":"http:\/\/www.tomataherrera.com\/app\/uploads\/2021\/04\/POM-1024x858.png","type":"image\/png"}],"twitter_card":"summary_large_image","schema":{"@context":"https:\/\/schema.org","@graph":[{"@type":"WebPage","@id":"https:\/\/www.tomataherrera.com\/ca\/producte\/caixa-individual\/","url":"https:\/\/www.tomataherrera.com\/ca\/producte\/caixa-individual\/","name":"Caixa Individual - Tomata herrera","isPartOf":{"@id":"https:\/\/www.tomataherrera.com\/#website"},"primaryImageOfPage":{"@id":"https:\/\/www.tomataherrera.com\/ca\/producte\/caixa-individual\/#primaryimage"},"image":{"@id":"https:\/\/www.tomataherrera.com\/ca\/producte\/caixa-individual\/#primaryimage"},"thumbnailUrl":"https:\/\/www.tomataherrera.com\/app\/uploads\/2021\/04\/POM.png","datePublished":"2021-05-28T15:26:01+00:00","breadcrumb":{"@id":"https:\/\/www.tomataherrera.com\/ca\/producte\/caixa-individual\/#breadcrumb"},"inLanguage":"ca","potentialAction":[{"@type":"ReadAction","target":["https:\/\/www.tomataherrera.com\/ca\/producte\/caixa-individual\/"]}]},{"@type":"ImageObject","inLanguage":"ca","@id":"https:\/\/www.tomataherrera.com\/ca\/producte\/caixa-individual\/#primaryimage","url":"https:\/\/www.tomataherrera.com\/app\/uploads\/2021\/04\/POM.png","contentUrl":"https:\/\/www.tomataherrera.com\/app\/uploads\/2021\/04\/POM.png","width":2820,"height":2364},{"@type":"BreadcrumbList","@id":"https:\/\/www.tomataherrera.com\/ca\/producte\/caixa-individual\/#breadcrumb","itemListElement":[{"@type":"ListItem","position":1,"name":"Portada","item":"https:\/\/www.tomataherrera.com\/ca\/"},{"@type":"ListItem","position":2,"name":"Botiga","item":"https:\/\/www.tomataherrera.com\/ca\/botiga\/"},{"@type":"ListItem","position":3,"name":"Caixa Individual"}]},{"@type":"WebSite","@id":"https:\/\/www.tomataherrera.com\/#website","url":"https:\/\/www.tomataherrera.com\/","name":"Tomata herrera","description":"El tomate de calidad","publisher":{"@id":"https:\/\/www.tomataherrera.com\/#organization"},"potentialAction":[{"@type":"SearchAction","target":{"@type":"EntryPoint","urlTemplate":"https:\/\/www.tomataherrera.com\/?s={search_term_string}"},"query-input":{"@type":"PropertyValueSpecification","valueRequired":true,"valueName":"search_term_string"}}],"inLanguage":"ca"},{"@type":"Organization","@id":"https:\/\/www.tomataherrera.com\/#organization","name":"Tomata Herrera","url":"https:\/\/www.tomataherrera.com\/","logo":{"@type":"ImageObject","inLanguage":"ca","@id":"https:\/\/www.tomataherrera.com\/#\/schema\/logo\/image\/","url":"https:\/\/www.tomataherrera.com\/app\/uploads\/2021\/04\/herrera-fondo.png","contentUrl":"https:\/\/www.tomataherrera.com\/app\/uploads\/2021\/04\/herrera-fondo.png","width":496,"height":129,"caption":"Tomata Herrera"},"image":{"@id":"https:\/\/www.tomataherrera.com\/#\/schema\/logo\/image\/"},"sameAs":["https:\/\/www.facebook.com\/tomataherrera","https:\/\/www.instagram.com\/tomataherrera\/"]}]}},"_links":{"self":[{"href":"https:\/\/www.tomataherrera.com\/ca\/wp-json\/wp\/v2\/product\/413","targetHints":{"allow":["GET"]}}],"collection":[{"href":"https:\/\/www.tomataherrera.com\/ca\/wp-json\/wp\/v2\/product"}],"about":[{"href":"https:\/\/www.tomataherrera.com\/ca\/wp-json\/wp\/v2\/types\/product"}],"replies":[{"embeddable":true,"href":"https:\/\/www.tomataherrera.com\/ca\/wp-json\/wp\/v2\/comments?post=413"}],"wp:featuredmedia":[{"embeddable":true,"href":"https:\/\/www.tomataherrera.com\/ca\/wp-json\/wp\/v2\/media\/131"}],"wp:attachment":[{"href":"https:\/\/www.tomataherrera.com\/ca\/wp-json\/wp\/v2\/media?parent=413"}],"wp:term":[{"taxonomy":"product_brand","embeddable":true,"href":"https:\/\/www.tomataherrera.com\/ca\/wp-json\/wp\/v2\/product_brand?post=413"},{"taxonomy":"product_cat","embeddable":true,"href":"https:\/\/www.tomataherrera.com\/ca\/wp-json\/wp\/v2\/product_cat?post=413"},{"taxonomy":"product_tag","embeddable":true,"href":"https:\/\/www.tomataherrera.com\/ca\/wp-json\/wp\/v2\/product_tag?post=413"}],"curies":[{"name":"wp","href":"https:\/\/api.w.org\/{rel}","templated":true}]}}