{"id":361,"date":"2021-05-21T15:02:53","date_gmt":"2021-05-21T15:02:53","guid":{"rendered":"http:\/\/www.tomataherrera.com\/?page_id=361"},"modified":"2021-07-14T14:53:05","modified_gmt":"2021-07-14T14:53:05","slug":"tomata-de-penjar","status":"publish","type":"page","link":"https:\/\/www.tomataherrera.com\/ca\/tomata-de-penjar\/","title":{"rendered":"Tomata de penjar"},"content":{"rendered":"<p>El tom\u00e0quet de penjar (tomata de penjar) \u00e9s un producte t\u00edpic de la localitat d&#8217;Alcal\u00e0 de Xivert, diferenciat amb altres classes de tom\u00e0quets pel seu calibre, pell, color, llarga durada de conservaci\u00f3 (entre 4 i 6 mesos) i la seva manera de elaboraci\u00f3 artesanal, cosits amb fil i units en un enfilall.<\/p>\n<p>La tomata de penjar s&#8217;utilitza principalment per a untar el pa, menjar-los fregits, torrats o en amanida per als paladars m\u00e9s exigents d&#8217;una tomata.<\/p>\n<p>Tom\u00e0quet de penjar \u00e9s un producte que necessita un clima especial i aig\u00fces salades per a la seva producci\u00f3, en aquest cas per obtenir una gran qualitat es pot conrear a la zona costanera d&#8217;Alcal\u00e0 de Xivert.<\/p>\n<p>Dins d&#8217;ella destaquen les dues zones (Alcossebre i Cap i Corp), que per clima s\u00f3n les millors per a la seva producci\u00f3, conservaci\u00f3 i gran qualitat.<\/p>\n<p>Fem tres cicles de recol\u00b7lecci\u00f3 per tenir tom\u00e0quet de penjar durant tot l&#8217;any.<\/p>\n<p>Plantaci\u00f3 (hivern-primavera) i estiu (estiu-tardor)<\/p>\n","protected":false},"excerpt":{"rendered":"<p>El tom\u00e0quet de penjar (tomata de penjar) \u00e9s un producte t\u00edpic de la localitat d&#8217;Alcal\u00e0 de Xivert, diferenciat amb altres classes de tom\u00e0quets pel seu calibre, pell, color, llarga durada de conservaci\u00f3 (entre 4 i 6 mesos) i la seva manera de elaboraci\u00f3 artesanal, cosits amb fil i units en un enfilall. La tomata de [&hellip;]<\/p>\n","protected":false},"author":2,"featured_media":0,"parent":0,"menu_order":0,"comment_status":"closed","ping_status":"closed","template":"template-producto.php","meta":{"footnotes":""},"class_list":["post-361","page","type-page","status-publish","hentry"],"yoast_head":"<!-- This site is optimized with the Yoast SEO plugin v26.5 - https:\/\/yoast.com\/wordpress\/plugins\/seo\/ -->\n<title>Tomata de penjar - Tomata herrera<\/title>\n<meta name=\"description\" content=\"La tomata de penjar Herrera \u00e9s el tom\u00e1quet que sap a tom\u00e1quet, entra en la nostra web per a poder disfrutar del millor.\" \/>\n<meta name=\"robots\" content=\"index, follow, max-snippet:-1, max-image-preview:large, max-video-preview:-1\" \/>\n<link rel=\"canonical\" href=\"https:\/\/www.tomataherrera.com\/ca\/tomata-de-penjar\/\" \/>\n<meta property=\"og:locale\" content=\"ca_ES\" \/>\n<meta property=\"og:type\" content=\"article\" \/>\n<meta property=\"og:title\" content=\"Tomata de penjar - Tomata herrera\" \/>\n<meta property=\"og:description\" content=\"La tomata de penjar Herrera \u00e9s el tom\u00e1quet que sap a tom\u00e1quet, entra en la nostra web per a poder disfrutar del millor.\" \/>\n<meta property=\"og:url\" content=\"https:\/\/www.tomataherrera.com\/ca\/tomata-de-penjar\/\" \/>\n<meta property=\"og:site_name\" content=\"Tomata herrera\" \/>\n<meta property=\"article:publisher\" content=\"https:\/\/www.facebook.com\/tomataherrera\" \/>\n<meta property=\"article:modified_time\" content=\"2021-07-14T14:53:05+00:00\" \/>\n<meta name=\"twitter:card\" content=\"summary_large_image\" \/>\n<meta name=\"twitter:label1\" content=\"Est. reading time\" \/>\n\t<meta name=\"twitter:data1\" content=\"1 minute\" \/>\n<script type=\"application\/ld+json\" class=\"yoast-schema-graph\">{\"@context\":\"https:\/\/schema.org\",\"@graph\":[{\"@type\":\"WebPage\",\"@id\":\"https:\/\/www.tomataherrera.com\/ca\/tomata-de-penjar\/\",\"url\":\"https:\/\/www.tomataherrera.com\/ca\/tomata-de-penjar\/\",\"name\":\"Tomata de penjar - Tomata herrera\",\"isPartOf\":{\"@id\":\"https:\/\/www.tomataherrera.com\/#website\"},\"datePublished\":\"2021-05-21T15:02:53+00:00\",\"dateModified\":\"2021-07-14T14:53:05+00:00\",\"description\":\"La tomata de penjar Herrera \u00e9s el tom\u00e1quet que sap a tom\u00e1quet, entra en la nostra web per a poder disfrutar del millor.\",\"breadcrumb\":{\"@id\":\"https:\/\/www.tomataherrera.com\/ca\/tomata-de-penjar\/#breadcrumb\"},\"inLanguage\":\"ca\",\"potentialAction\":[{\"@type\":\"ReadAction\",\"target\":[\"https:\/\/www.tomataherrera.com\/ca\/tomata-de-penjar\/\"]}]},{\"@type\":\"BreadcrumbList\",\"@id\":\"https:\/\/www.tomataherrera.com\/ca\/tomata-de-penjar\/#breadcrumb\",\"itemListElement\":[{\"@type\":\"ListItem\",\"position\":1,\"name\":\"Portada\",\"item\":\"https:\/\/www.tomataherrera.com\/ca\/\"},{\"@type\":\"ListItem\",\"position\":2,\"name\":\"Tomata de penjar\"}]},{\"@type\":\"WebSite\",\"@id\":\"https:\/\/www.tomataherrera.com\/#website\",\"url\":\"https:\/\/www.tomataherrera.com\/\",\"name\":\"Tomata herrera\",\"description\":\"El tomate de calidad\",\"publisher\":{\"@id\":\"https:\/\/www.tomataherrera.com\/#organization\"},\"potentialAction\":[{\"@type\":\"SearchAction\",\"target\":{\"@type\":\"EntryPoint\",\"urlTemplate\":\"https:\/\/www.tomataherrera.com\/?s={search_term_string}\"},\"query-input\":{\"@type\":\"PropertyValueSpecification\",\"valueRequired\":true,\"valueName\":\"search_term_string\"}}],\"inLanguage\":\"ca\"},{\"@type\":\"Organization\",\"@id\":\"https:\/\/www.tomataherrera.com\/#organization\",\"name\":\"Tomata Herrera\",\"url\":\"https:\/\/www.tomataherrera.com\/\",\"logo\":{\"@type\":\"ImageObject\",\"inLanguage\":\"ca\",\"@id\":\"https:\/\/www.tomataherrera.com\/#\/schema\/logo\/image\/\",\"url\":\"https:\/\/www.tomataherrera.com\/app\/uploads\/2021\/04\/herrera-fondo.png\",\"contentUrl\":\"https:\/\/www.tomataherrera.com\/app\/uploads\/2021\/04\/herrera-fondo.png\",\"width\":496,\"height\":129,\"caption\":\"Tomata Herrera\"},\"image\":{\"@id\":\"https:\/\/www.tomataherrera.com\/#\/schema\/logo\/image\/\"},\"sameAs\":[\"https:\/\/www.facebook.com\/tomataherrera\",\"https:\/\/www.instagram.com\/tomataherrera\/\"]}]}<\/script>\n<!-- \/ Yoast SEO plugin. -->","yoast_head_json":{"title":"Tomata de penjar - Tomata herrera","description":"La tomata de penjar Herrera \u00e9s el tom\u00e1quet que sap a tom\u00e1quet, entra en la nostra web per a poder disfrutar del millor.","robots":{"index":"index","follow":"follow","max-snippet":"max-snippet:-1","max-image-preview":"max-image-preview:large","max-video-preview":"max-video-preview:-1"},"canonical":"https:\/\/www.tomataherrera.com\/ca\/tomata-de-penjar\/","og_locale":"ca_ES","og_type":"article","og_title":"Tomata de penjar - Tomata herrera","og_description":"La tomata de penjar Herrera \u00e9s el tom\u00e1quet que sap a tom\u00e1quet, entra en la nostra web per a poder disfrutar del millor.","og_url":"https:\/\/www.tomataherrera.com\/ca\/tomata-de-penjar\/","og_site_name":"Tomata herrera","article_publisher":"https:\/\/www.facebook.com\/tomataherrera","article_modified_time":"2021-07-14T14:53:05+00:00","twitter_card":"summary_large_image","twitter_misc":{"Est. reading time":"1 minute"},"schema":{"@context":"https:\/\/schema.org","@graph":[{"@type":"WebPage","@id":"https:\/\/www.tomataherrera.com\/ca\/tomata-de-penjar\/","url":"https:\/\/www.tomataherrera.com\/ca\/tomata-de-penjar\/","name":"Tomata de penjar - Tomata herrera","isPartOf":{"@id":"https:\/\/www.tomataherrera.com\/#website"},"datePublished":"2021-05-21T15:02:53+00:00","dateModified":"2021-07-14T14:53:05+00:00","description":"La tomata de penjar Herrera \u00e9s el tom\u00e1quet que sap a tom\u00e1quet, entra en la nostra web per a poder disfrutar del millor.","breadcrumb":{"@id":"https:\/\/www.tomataherrera.com\/ca\/tomata-de-penjar\/#breadcrumb"},"inLanguage":"ca","potentialAction":[{"@type":"ReadAction","target":["https:\/\/www.tomataherrera.com\/ca\/tomata-de-penjar\/"]}]},{"@type":"BreadcrumbList","@id":"https:\/\/www.tomataherrera.com\/ca\/tomata-de-penjar\/#breadcrumb","itemListElement":[{"@type":"ListItem","position":1,"name":"Portada","item":"https:\/\/www.tomataherrera.com\/ca\/"},{"@type":"ListItem","position":2,"name":"Tomata de penjar"}]},{"@type":"WebSite","@id":"https:\/\/www.tomataherrera.com\/#website","url":"https:\/\/www.tomataherrera.com\/","name":"Tomata herrera","description":"El tomate de calidad","publisher":{"@id":"https:\/\/www.tomataherrera.com\/#organization"},"potentialAction":[{"@type":"SearchAction","target":{"@type":"EntryPoint","urlTemplate":"https:\/\/www.tomataherrera.com\/?s={search_term_string}"},"query-input":{"@type":"PropertyValueSpecification","valueRequired":true,"valueName":"search_term_string"}}],"inLanguage":"ca"},{"@type":"Organization","@id":"https:\/\/www.tomataherrera.com\/#organization","name":"Tomata Herrera","url":"https:\/\/www.tomataherrera.com\/","logo":{"@type":"ImageObject","inLanguage":"ca","@id":"https:\/\/www.tomataherrera.com\/#\/schema\/logo\/image\/","url":"https:\/\/www.tomataherrera.com\/app\/uploads\/2021\/04\/herrera-fondo.png","contentUrl":"https:\/\/www.tomataherrera.com\/app\/uploads\/2021\/04\/herrera-fondo.png","width":496,"height":129,"caption":"Tomata Herrera"},"image":{"@id":"https:\/\/www.tomataherrera.com\/#\/schema\/logo\/image\/"},"sameAs":["https:\/\/www.facebook.com\/tomataherrera","https:\/\/www.instagram.com\/tomataherrera\/"]}]}},"_links":{"self":[{"href":"https:\/\/www.tomataherrera.com\/ca\/wp-json\/wp\/v2\/pages\/361","targetHints":{"allow":["GET"]}}],"collection":[{"href":"https:\/\/www.tomataherrera.com\/ca\/wp-json\/wp\/v2\/pages"}],"about":[{"href":"https:\/\/www.tomataherrera.com\/ca\/wp-json\/wp\/v2\/types\/page"}],"author":[{"embeddable":true,"href":"https:\/\/www.tomataherrera.com\/ca\/wp-json\/wp\/v2\/users\/2"}],"replies":[{"embeddable":true,"href":"https:\/\/www.tomataherrera.com\/ca\/wp-json\/wp\/v2\/comments?post=361"}],"version-history":[{"count":5,"href":"https:\/\/www.tomataherrera.com\/ca\/wp-json\/wp\/v2\/pages\/361\/revisions"}],"predecessor-version":[{"id":486,"href":"https:\/\/www.tomataherrera.com\/ca\/wp-json\/wp\/v2\/pages\/361\/revisions\/486"}],"wp:attachment":[{"href":"https:\/\/www.tomataherrera.com\/ca\/wp-json\/wp\/v2\/media?parent=361"}],"curies":[{"name":"wp","href":"https:\/\/api.w.org\/{rel}","templated":true}]}}